{"id":14,"date":"2024-02-08T15:06:07","date_gmt":"2024-02-08T15:06:07","guid":{"rendered":"https:\/\/uclab.web5.htwg-konstanz.de\/?page_id=14"},"modified":"2024-10-12T07:05:08","modified_gmt":"2024-10-12T05:05:08","slug":"contact","status":"publish","type":"page","link":"https:\/\/uc-lab.in.htwg-konstanz.de\/?page_id=14","title":{"rendered":"Contact"},"content":{"rendered":"\n<div class=\"wp-block-columns is-layout-flex wp-container-core-columns-is-layout-9d6595d7 wp-block-columns-is-layout-flex\">\n<div class=\"wp-block-column is-layout-flow wp-block-column-is-layout-flow\">\n<p>Prof. Dr. rer. nat. Ralf E.D. Seepold<br>Ubiquitous Computing<br>HTWG Konstanz<br>Department of Computer Science<br>Alfred-Wachtel-Stra\u00dfe 8<br>D-78462 Konstanz (Germany)<br>Phone: +49 7531 \u2013 206 633<br>Email: ralf.seepold@htwg-konstanz.de<\/p>\n<\/div>\n\n\n\n<div class=\"wp-block-column is-layout-flow wp-block-column-is-layout-flow\">\n<iframe src=\"https:\/\/www.google.com\/maps\/embed?pb=!1m18!1m12!1m3!1d2686.859969874334!2d9.170639192014058!3d47.66771664277419!2m3!1f0!2f0!3f0!3m2!1i1024!2i768!4f13.1!3m3!1m2!1s0x41087a199ac31a65%3A0x54038eaf78431d1a!2sUniversity%20of%20Technology%2C%20Business%20and%20Design%20Konstanz!5e0!3m2!1sen!2sde!4v1707404151562!5m2!1sen!2sde\" width=\"600\" height=\"450\" style=\"border:0;\" allowfullscreen=\"\" loading=\"lazy\" referrerpolicy=\"no-referrer-when-downgrade\"><\/iframe>\n<\/div>\n<\/div>\n\n\n\n<hr class=\"wp-block-separator has-alpha-channel-opacity\"\/>\n\n\n\n<h3 class=\"wp-block-heading has-text-align-center\">Travel Information<\/h3>\n\n\n\n<h3 class=\"wp-block-heading\">By car<\/h3>\n\n\n\n<h4 class=\"wp-block-heading\">From Germany:<\/h4>\n\n\n\n<p>Coming on the B33, follow the signs to Switzerland and note immediately after crossing the Rhine, the sign &#8220;Hochschule&#8221;. They also follow the signs to Switzerland, if you come from the north (ferry). After crossing the Seerhein keep right and follow the signs &#8220;Hochschule&#8221;.<\/p>\n\n\n\n<h4 class=\"wp-block-heading\">\u2028\u2028From Switzerland:<\/h4>\n\n\n\n<p>Coming on the frontier (N7) keep coming towards \u201cSingen\u201d and follow before the motorway bridge over the Rhine the signs for &#8220;Hochschule&#8221;. From Kreuzlinger or Emmishofer take the road around the old counter-clockwise (do not go over the Rhine bridge!) And follow the signs to the &#8220;Hochschule&#8221;.<\/p>\n\n\n\n<h3 class=\"wp-block-heading\">Directions by train and bus<\/h3>\n\n\n\n<p>From Constance Train Station (DB \/ SBB) you walk in about 20 minutes by Constance pedestrian or take bus 5 or 6 and get off at &#8221; Untere Laube &#8221; or number 10 bus to the stop &#8221; Laube\/Niederburg &#8220;. The line runs from the Kreuzlingen railway station 8, switch &#8220;Bodanplatz&#8221; at number 5, 6 and 10 \u2028From the ferry: No. 1 to stop &#8220;Schottenplatz&#8221;.<br>\u2028Information: <a href=\"https:\/\/www.stadtwerke-konstanz.de\/mobilitaet\/bus\/aktuelles-bus\/\" target=\"_blank\" rel=\"noreferrer noopener\">Stadtwerke Konstanz<\/a>.<\/p>\n\n\n\n<h3 class=\"wp-block-heading\">Arrival by boat<\/h3>\n\n\n\n<p>The Constance harbor is very close to the Konstanz train station. The bus lines 5, 6, 7 and 10 can be reached via underpass to the other side of train tracks.<br>\u2028Information: <a href=\"https:\/\/www.stadtwerke-konstanz.de\/schifffahrt\/\" target=\"_blank\" rel=\"noreferrer noopener\">Stadtwerke Konstanz<\/a><\/p>\n\n\n\n<h3 class=\"wp-block-heading\">Arrival by plane<\/h3>\n\n\n\n<p>\u2028The nearby airports are <a href=\"http:\/\/www.zurich-airport.com\/desktopdefault.aspx\" target=\"_blank\" rel=\"noreferrer noopener\">Z\u00fcrich-Kloten<\/a>&nbsp;(CH),&nbsp;<a href=\"http:\/\/www.fly-away.de\/en\/\" target=\"_blank\" rel=\"noreferrer noopener\">Friedrichshafen<\/a>&nbsp;(D), <a href=\"http:\/\/www.flughafen-stuttgart.de\" target=\"_blank\" rel=\"noreferrer noopener\">Stuttgart<\/a>&nbsp;(D), <a href=\"http:\/\/www.euroairport.com\/en\/\" target=\"_blank\" rel=\"noreferrer noopener\">Basel<\/a>&nbsp;(CH) und&nbsp;<a href=\"http:\/\/www.allgaeu-airport.com\" target=\"_blank\" rel=\"noreferrer noopener\">Memmingen<\/a>&nbsp;(D). Information about public transportation for the airport transfer can be found in <a href=\"http:\/\/www.efa-bw.de\/nvbw\/XSLT_TRIP_REQUEST2?language=en\" target=\"_blank\" rel=\"noreferrer noopener\">Electronical journey planner Baden-W\u00fcrttemberg<\/a>.<\/p>\n\n\n\n<p>City map of Constance:&nbsp;<a href=\"http:\/\/www.konstanz.de\/en\/index.html\" target=\"_blank\" rel=\"noreferrer noopener\">Link<\/a><\/p>\n\n\n\n<hr class=\"wp-block-separator has-alpha-channel-opacity\"\/>\n\n\n\n<h3 class=\"wp-block-heading has-text-align-center\">Anfahrtbeschreibung<\/h3>\n\n\n\n<h3 class=\"wp-block-heading\">Anfahrt mit dem Auto<\/h3>\n\n\n\n<h4 class=\"wp-block-heading\">Von Deutschland:<\/h4>\n\n\n\n<p>\u00dcber die B33 kommend folgen Sie den Schildern Richtung Schweiz und beachten unmittelbar nach der Rhein\u00fcberquerung die Wegweiser &#8220;Hochschule&#8221;. Folgen Sie ebenfalls den Schildern in Richtung Schweiz, wenn Sie von Norden (F\u00e4hre) kommen. Nach \u00dcberquerung des Seerheins halten Sie sich rechts und folgen dort ebenfalls der Beschilderung &#8220;Hochschule&#8221;.<\/p>\n\n\n\n<h4 class=\"wp-block-heading\">Aus der Schweiz:<\/h4>\n\n\n\n<p>Von der Gemeinschaftszollanlage (N7) kommend halten Sie sich nordw\u00e4rts Richtung Singen und folgen noch vor der Autobahn-Rheinbr\u00fccke den Wegweisern &#8220;Hochschule&#8221;. Vom Kreuzlinger bzw. Emmishofer Zoll aus umfahren Sie die Altstadt gegen den Uhrzeigersinn (nicht \u00fcber die Rheinbr\u00fccke fahren!) und beachten die Beschilderung in Richtung &#8220;Hochschule&#8221;.<\/p>\n\n\n\n<h3 class=\"wp-block-heading\">Anfahrt mit Bahn und Bus<\/h3>\n\n\n\n<p>Vom Konstanzer Bahnhof (DB\/SBB) gehen Sie zu Fu\u00df in ca. 20 Minuten durch die Konstanzer Fu\u00dfg\u00e4ngerzone oder nehmen die Buslinien 5 oder 6 zur Haltestelle &#8220;Untere Laube&#8221; bzw. Buslinie 10 bis zur Haltestelle &#8220;Laube\/Niederburg&#8221;. Vom Kreuzlinger Bahnhof f\u00e4hrt die Linie 8, Umstieg &#8220;Bodanplatz&#8221; auf Buslinie 5, 6 und 10.<\/p>\n\n\n\n<p>Von der F\u00e4hre: Linie 1 bis Haltestelle &#8220;Schottenplatz&#8221;.<br>Informationen:&nbsp;<a href=\"http:\/\/sw.konstanz.de\/mobilitaet\/bus\/fahrplaene.html\" target=\"_blank\" rel=\"noreferrer noopener\">Stadtwerke Konstanz<\/a>.<\/p>\n\n\n\n<h3 class=\"wp-block-heading\">Anfahrt mit dem Schiff<\/h3>\n\n\n\n<p>Der Konstanzer Hafen liegt in unmittelbarer N\u00e4he zum Konstanzer Bahnhof. Die Buslinien 5, 6, 7 und 10 erreichen Sie mittels Unterf\u00fchrung auf der anderen Seite der Bahngleise.<\/p>\n\n\n\n<p>Informationen:&nbsp;<a href=\"http:\/\/sw.konstanz.de\/mobilitaet\/bus\/fahrplaene.html\" target=\"_blank\" rel=\"noreferrer noopener\">Stadtwerke Konstanz<\/a><\/p>\n\n\n\n<h3 class=\"wp-block-heading\">Anreise per Flugzeug<\/h3>\n\n\n\n<p>Die Flugh\u00e4fen in der N\u00e4he sind <a href=\"http:\/\/www.zurich-airport.com\/desktopdefault.aspx\" target=\"_blank\" rel=\"noreferrer noopener\">Z\u00fcrich-Kloten<\/a>&nbsp;(CH),&nbsp;<a href=\"http:\/\/www.fly-away.de\/en\/\" target=\"_blank\" rel=\"noreferrer noopener\">Friedrichshafen<\/a>&nbsp;(D), <a href=\"http:\/\/www.flughafen-stuttgart.de\" target=\"_blank\" rel=\"noreferrer noopener\">Stuttgart<\/a>&nbsp;(D), <a href=\"http:\/\/www.euroairport.com\/en\/\" target=\"_blank\" rel=\"noreferrer noopener\">Basel<\/a>&nbsp;(CH) und&nbsp;<a href=\"http:\/\/www.allgaeu-airport.com\" target=\"_blank\" rel=\"noreferrer noopener\">Memmingen<\/a>&nbsp;(D). Informationen zu \u00d6ffentlichen Verkehrsmitteln f\u00fcr den Flughafen-Transfer k\u00f6nnen sie bei der&nbsp;<a href=\"http:\/\/www.efa-bw.de\/nvbw\/XSLT_TRIP_REQUEST2?language=en&amp;itdLPxx_frames=\" target=\"_blank\" rel=\"noreferrer noopener\">Elektronischen Fahrplanauskunft Baden-W\u00fcrttemberg<\/a>&nbsp;erhalten.<\/p>\n\n\n\n<p>Stadplan Konstanz:&nbsp;<a href=\"http:\/\/www.konstanz.de\/en\/index.html\" target=\"_blank\" rel=\"noreferrer noopener\">Link<\/a><\/p>\n","protected":false},"excerpt":{"rendered":"<p>Prof. Dr. rer. nat. Ralf E.D. SeepoldUbiquitous ComputingHTWG KonstanzDepartment of Computer ScienceAlfred-Wachtel-Stra\u00dfe 8D-78462 Konstanz (Germany)Phone: +49 7531 \u2013 206 633Email: ralf.seepold@htwg-konstanz.de Travel Information By car From Germany: Coming on the B33, follow the signs to Switzerland and note immediately after crossing the Rhine, the sign &#8220;Hochschule&#8221;. They also follow the signs to Switzerland, if you [&hellip;]<\/p>\n","protected":false},"author":1,"featured_media":0,"parent":0,"menu_order":0,"comment_status":"closed","ping_status":"closed","template":"","meta":{"footnotes":""},"categories":[],"class_list":["post-14","page","type-page","status-publish","hentry"],"_links":{"self":[{"href":"https:\/\/uc-lab.in.htwg-konstanz.de\/index.php?rest_route=\/wp\/v2\/pages\/14","targetHints":{"allow":["GET"]}}],"collection":[{"href":"https:\/\/uc-lab.in.htwg-konstanz.de\/index.php?rest_route=\/wp\/v2\/pages"}],"about":[{"href":"https:\/\/uc-lab.in.htwg-konstanz.de\/index.php?rest_route=\/wp\/v2\/types\/page"}],"author":[{"embeddable":true,"href":"https:\/\/uc-lab.in.htwg-konstanz.de\/index.php?rest_route=\/wp\/v2\/users\/1"}],"replies":[{"embeddable":true,"href":"https:\/\/uc-lab.in.htwg-konstanz.de\/index.php?rest_route=%2Fwp%2Fv2%2Fcomments&post=14"}],"version-history":[{"count":9,"href":"https:\/\/uc-lab.in.htwg-konstanz.de\/index.php?rest_route=\/wp\/v2\/pages\/14\/revisions"}],"predecessor-version":[{"id":400,"href":"https:\/\/uc-lab.in.htwg-konstanz.de\/index.php?rest_route=\/wp\/v2\/pages\/14\/revisions\/400"}],"wp:attachment":[{"href":"https:\/\/uc-lab.in.htwg-konstanz.de\/index.php?rest_route=%2Fwp%2Fv2%2Fmedia&parent=14"}],"wp:term":[{"taxonomy":"category","embeddable":true,"href":"https:\/\/uc-lab.in.htwg-konstanz.de\/index.php?rest_route=%2Fwp%2Fv2%2Fcategories&post=14"}],"curies":[{"name":"wp","href":"https:\/\/api.w.org\/{rel}","templated":true}]}}